{"id":65,"date":"2025-03-12T16:57:06","date_gmt":"2025-03-12T16:57:06","guid":{"rendered":"https:\/\/intelligent-shannon.217-28-65-195.plesk.page\/?page_id=65"},"modified":"2025-06-16T14:43:49","modified_gmt":"2025-06-16T12:43:49","slug":"cookies","status":"publish","type":"page","link":"https:\/\/studiodagostini.com\/pt\/cookies\/","title":{"rendered":"POL\u00cdTICA DE COOKIES"},"content":{"rendered":"<p>Cookies: generalidades Cookies s\u00e3o pequenos arquivos de texto gerados por sites que ret\u00eam dados da sess\u00e3o de navega\u00e7\u00e3o do usu\u00e1rio para simplificar os procedimentos de \"carregamento\" do conte\u00fado do site no pr\u00f3ximo acesso. Esses arquivos permitem que o site mantenha informa\u00e7\u00f5es sobre a \"navega\u00e7\u00e3o\" entre as p\u00e1ginas da Web e tamb\u00e9m analise a maneira pela qual o \"visitante\" interage com o site. Em termos gerais e em condi\u00e7\u00f5es normais, os cookies s\u00e3o seguros - eles s\u00f3 podem manter as informa\u00e7\u00f5es inseridas pelo navegador, relacionadas ao acesso no pr\u00f3prio navegador ou inclu\u00eddas na p\u00e1gina solicitada; eles n\u00e3o podem se transformar em c\u00f3digos maliciosos nem ser usados para acessar abusivamente o computador ou outro dispositivo usado para navega\u00e7\u00e3o. H\u00e1 duas categorias diferentes de cookies usados para finalidades diferentes e projetados para conter informa\u00e7\u00f5es diferentes<\/p>\n\n\n\n<ul class=\"wp-block-list\">\n<li>Os cookies de sess\u00e3o cont\u00eam informa\u00e7\u00f5es que s\u00e3o usadas durante a sess\u00e3o atual do navegador e s\u00e3o automaticamente exclu\u00eddas quando o navegador \u00e9 fechado. Isso significa que nada \u00e9 armazenado no dispositivo usado pelo \"visitante\" al\u00e9m do tempo em que o site \u00e9 usado.<\/li>\n\n\n\n<li>A finalidade dos cookies persistentes (ou cookies persistentes) \u00e9 manter os dados armazenados na mem\u00f3ria para us\u00e1-los em acessos diferentes e subsequentes ao site, a fim de permitir que o pr\u00f3prio site reconhe\u00e7a o cliente\/visitante e simplifique a intera\u00e7\u00e3o com o conte\u00fado do site. Esses cookies t\u00eam uma dura\u00e7\u00e3o vari\u00e1vel, de alguns minutos a v\u00e1rios anos, dependendo das configura\u00e7\u00f5es do pr\u00f3prio site. Para obter mais detalhes, consulte a documenta\u00e7\u00e3o relevante dispon\u00edvel no site da Garante per la Protezione dei dati Personali\u00a0<a href=\"http:\/\/www.garanteprivacy.it\/\" target=\"_blank\" rel=\"noopener\"><\/a><a href=\"http:\/\/www.garanteprivacy.it\/\" target=\"_blank\" rel=\"noopener\">http:\/\/www.garanteprivacy.it<\/a><\/li>\n<\/ul>\n\n\n\n<p><strong>Pol\u00edtica de cookies deste site<\/strong><\/p>\n\n\n\n<p>N\u00e3o h\u00e1 uso de cookies* para a transmiss\u00e3o de informa\u00e7\u00f5es de natureza pessoal; seu uso (como cookies de sess\u00e3o) \u00e9 estritamente limitado \u00e0 transmiss\u00e3o de identificadores de sess\u00e3o necess\u00e1rios para permitir a explora\u00e7\u00e3o segura e eficiente do site e com o objetivo de evitar o uso de outras t\u00e9cnicas de computador mais invasivas que possam prejudicar a confidencialidade da navega\u00e7\u00e3o dos usu\u00e1rios. Tamb\u00e9m s\u00e3o usados cookies persistentes, que permanecem armazenados no disco r\u00edgido do computador at\u00e9 expirarem ou serem exclu\u00eddos pelos usu\u00e1rios\/visitantes com o \u00fanico objetivo de permitir um procedimento de reconhecimento autom\u00e1tico mais imediato e f\u00e1cil dos usu\u00e1rios\/visitantes em um acesso subsequente. Os usu\u00e1rios\/visitantes t\u00eam total liberdade para definir pol\u00edticas espec\u00edficas de gerenciamento de cookies em seus clientes. Sem preju\u00edzo das limita\u00e7\u00f5es que tais configura\u00e7\u00f5es possam gerar em termos de acessibilidade ao site e\/ou ao seu conte\u00fado espec\u00edfico, a Ver.Pol \u00e9 alheia ao funcionamento de \"cookies de terceiros\", cujo funcionamento \u00e9 de responsabilidade de tais terceiros e cuja transmiss\u00e3o ao cliente do usu\u00e1rio\/visitante depende da presen\u00e7a de conte\u00fado (por exemplo, mapas, links, etc.) que se referem a recursos da Internet (sites e\/ou servidores) fora da esfera de gest\u00e3o e responsabilidade da Ver.Pol. Os cookies utilizados por esse tipo s\u00e3o anal\u00edticos e funcionais<\/p>\n\n\n\n<p><strong>Ativar\/desativar cookies no navegador em uso<\/strong>&nbsp;Ao alterar as configura\u00e7\u00f5es do navegador, voc\u00ea pode aceitar ou rejeitar cookies ou decidir receber uma mensagem de aviso antes de aceitar um cookie dos sites que visita. Vale lembrar, no entanto, que a desativa\u00e7\u00e3o completa dos cookies no navegador que voc\u00ea est\u00e1 usando pode resultar na impossibilidade de usar alguns ou todos os recursos interativos do site.<\/p>\n\n\n\n<p>* Cookies ou marcadores s\u00e3o pacotes de informa\u00e7\u00f5es enviados por um servidor da Web (por exemplo, o site) ao navegador da Internet do usu\u00e1rio, armazenados automaticamente por ele no computador e enviados automaticamente de volta ao servidor sempre que o site \u00e9 acessado.<\/p>\n\n\n\n<p>POL\u00cdTICA DE GERENCIAMENTO DE COOKIES<\/p>\n\n\n\n<p><strong>ATHENA CONSULTING SRL<\/strong>&nbsp;- IVA e c\u00f3digo fiscal 16673151003<br>VIA CRESCENZIO, 58 - 00193 ROMA (RM) - Tel.&nbsp;<a href=\"tel:066879674\">06.68.79.674<\/a>&nbsp;- C\u00e9lula.&nbsp;<a href=\"tel:3289644688\">328.96.44.688<\/a><br>E-mail&nbsp;<a href=\"mailto:studioroma@studiodagostini.com\"><\/a><a href=\"mailto:studioroma@studiodagostini.com\">studioroma@studiodagostini.com<\/a>&nbsp;- PEC:&nbsp;<a href=\"mailto:studioroma@pec.studiodagostini.com\"><\/a><a href=\"mailto:studioroma@pec.studiodagostini.com\">studioroma@pec.studiodagostini.com<\/a><\/p>\n\n\n\n<p>Gostar\u00edamos de lembr\u00e1-lo de que sempre \u00e9 poss\u00edvel excluir todos os cookies instalados na pasta de cookies do navegador que voc\u00ea est\u00e1 usando. Cada navegador tem procedimentos diferentes para gerenciar as configura\u00e7\u00f5es de gerenciamento de cookies; voc\u00ea pode obter instru\u00e7\u00f5es espec\u00edficas para o gerenciamento aut\u00f4nomo de cookies no seu dispositivo por meio dos links abaixo.<\/p>\n\n\n\n<ul class=\"wp-block-list\">\n<li>Microsoft Windows Explorer\u00a0<a href=\"http:\/\/windows.microsoft.com\/en-us\/windows-vista\/block-or-allow-cookies\" target=\"_blank\" rel=\"noopener\"><\/a><a href=\"http:\/\/windows.microsoft.com\/en-us\/windows-vista\/block-or-allow-cookies\" target=\"_blank\" rel=\"noopener\">http:\/\/windows.microsoft.com\/en-us\/windows-vista\/block-or-allow-cookies<\/a><\/li>\n\n\n\n<li>Mozilla Firefox\u00a0<a href=\"http:\/\/support.mozilla.org\/en-US\/kb\/Enabling%20and%20disabling%20cookies\" target=\"_blank\" rel=\"noopener\"><\/a><a href=\"http:\/\/support.mozilla.org\/en-US\/kb\/Enabling%20and%20disabling%20cookies\" target=\"_blank\" rel=\"noopener\">http:\/\/support.mozilla.org\/en-US\/kb\/Enabling%20and%20disabling%20cookies<\/a><\/li>\n\n\n\n<li>Google Chrome\u00a0<a href=\"https:\/\/support.google.com\/chrome\/bin\/answer.py?hl=en&amp;answer=95647&amp;p=cpn_cookies\" target=\"_blank\" rel=\"noopener\"><\/a><a href=\"https:\/\/support.google.com\/chrome\/bin\/answer.py?hl=en&amp;answer=95647&amp;p=cpn_cookies\" target=\"_blank\" rel=\"noopener\">https:\/\/support.google.com\/chrome\/bin\/answer.py?hl=en&amp;answer=95647&amp;p=cpn_cookies<\/a>\u00a0Apple Safari\u00a0<a href=\"http:\/\/docs.info.apple.com\/article.html?path=Safari\/5.0\/en\/9277.html\" target=\"_blank\" rel=\"noopener\"><\/a><a href=\"http:\/\/docs.info.apple.com\/article.html?path=Safari\/5.0\/en\/9277.html\" target=\"_blank\" rel=\"noopener\">http:\/\/docs.info.apple.com\/article.html?path=Safari\/5.0\/en\/9277.html<\/a><\/li>\n\n\n\n<li>Adobe Flash Player\u00a0<a href=\"http:\/\/www.macromedia.com\/support\/documentation\/en\/flashplayer\/help\/settings_manager02.html#118539\" target=\"_blank\" rel=\"noopener\"><\/a><a href=\"http:\/\/www.macromedia.com\/support\/documentation\/en\/flashplayer\/help\/settings_manager02.html#118539\" target=\"_blank\" rel=\"noopener\">http:\/\/www.macromedia.com\/support\/documentation\/en\/flashplayer\/help\/settings_manager02.html#118539<\/a><\/li>\n<\/ul>\n\n\n\n<p>Abaixo est\u00e3o os links para as informa\u00e7\u00f5es\/pol\u00edticas relevantes sobre os sites\/m\u00eddias sociais mais comuns:<\/p>\n\n\n\n<ul class=\"wp-block-list\">\n<li>YouTube\u00a0<a href=\"http:\/\/www.google.co.uk\/intl\/en\/policies\/privacy\/\" target=\"_blank\" rel=\"noopener\"><\/a><a href=\"http:\/\/www.google.co.uk\/intl\/en\/policies\/privacy\/\" target=\"_blank\" rel=\"noopener\">http:\/\/www.google.co.uk\/intl\/en\/policies\/privacy\/<\/a><\/li>\n\n\n\n<li>Google Maps\u00a0<a href=\"https:\/\/support.google.com\/maps\/answer\/153802?hl=en&amp;rd=1\" target=\"_blank\" rel=\"noopener\"><\/a><a href=\"https:\/\/support.google.com\/maps\/answer\/153802?hl=en&amp;rd=1\" target=\"_blank\" rel=\"noopener\">https:\/\/support.google.com\/maps\/answer\/153802?hl=en&amp;rd=1<\/a><\/li>\n\n\n\n<li>Facebook Connect e plug-ins do Facebook\u00a0<a href=\"https:\/\/www.facebook.com\/about\/privacy\/your-info-on-other\" target=\"_blank\" rel=\"noopener\"><\/a><a href=\"https:\/\/www.facebook.com\/about\/privacy\/your-info-on-other\" target=\"_blank\" rel=\"noopener\">https:\/\/www.facebook.com\/about\/privacy\/your-info-on-other<\/a><\/li>\n\n\n\n<li>Linkedin\u00a0<a href=\"http:\/\/www.linkedin.com\/legal\/privacy-policy\" target=\"_blank\" rel=\"noopener\"><\/a><a href=\"http:\/\/www.linkedin.com\/legal\/privacy-policy\" target=\"_blank\" rel=\"noopener\">http:\/\/www.linkedin.com\/legal\/privacy-policy<\/a><\/li>\n\n\n\n<li>Google Analytics\u00a0<a href=\"https:\/\/developers.google.com\/analytics\/devguides\/collection\/analyticsjs\/cookie-usage\" target=\"_blank\" rel=\"noopener\"><\/a><a href=\"https:\/\/developers.google.com\/analytics\/devguides\/collection\/analyticsjs\/cookie-usage\" target=\"_blank\" rel=\"noopener\">https:\/\/developers.google.com\/analytics\/devguides\/collection\/analyticsjs\/cookie-usage<\/a><\/li>\n\n\n\n<li>Twitter\u00a0<a href=\"https:\/\/twitter.com\/privacy\" target=\"_blank\" rel=\"noopener\"><\/a><a href=\"https:\/\/twitter.com\/privacy\" target=\"_blank\" rel=\"noopener\">https:\/\/twitter.com\/privacy<\/a><\/li>\n\n\n\n<li>Microsoft\u00a0<a href=\"http:\/\/www.microsoft.com\/privacystatement\/en-us\/core\/default.aspx\" target=\"_blank\" rel=\"noopener\"><\/a><a href=\"http:\/\/www.microsoft.com\/privacystatement\/en-us\/core\/default.aspx\" target=\"_blank\" rel=\"noopener\">http:\/\/www.microsoft.com\/privacystatement\/en-us\/core\/default.aspx<\/a><\/li>\n\n\n\n<li>Or\u00e1culo\u00a0<a href=\"http:\/\/www.oracle.com\/us\/legal\/privacy\/overview\/index.html\" target=\"_blank\" rel=\"noopener\"><\/a><a href=\"http:\/\/www.oracle.com\/us\/legal\/privacy\/overview\/index.html\" target=\"_blank\" rel=\"noopener\">http:\/\/www.oracle.com\/us\/legal\/privacy\/overview\/index.html<\/a><\/li>\n\n\n\n<li>Vimeo\u00a0<a href=\"http:\/\/vimeo.com\/cookie_policy\" target=\"_blank\" rel=\"noopener\"><\/a><a href=\"http:\/\/vimeo.com\/cookie_policy\" target=\"_blank\" rel=\"noopener\">http:\/\/vimeo.com\/cookie_policy<\/a><\/li>\n<\/ul>","protected":false},"excerpt":{"rendered":"<p>Cookies: generalit\u00e0 I cookies sono piccoli file di testo generati dai siti web che mantengono i dati della sessione di navigazione dell\u2019utente al fine di semplificare le procedure di \u201ccaricamento\u201d dei contenuti del sito ad un eventuale successivo nuovo accesso. Tali file permettono al sito di mantenere le informazioni della \u201cnavigazione\u201d tra le pagine web [&hellip;]<\/p>\n","protected":false},"author":1,"featured_media":0,"parent":0,"menu_order":0,"comment_status":"closed","ping_status":"closed","template":"","meta":{"_acf_changed":false,"footnotes":""},"class_list":["post-65","page","type-page","status-publish","hentry"],"acf":[],"_links":{"self":[{"href":"https:\/\/studiodagostini.com\/pt\/wp-json\/wp\/v2\/pages\/65","targetHints":{"allow":["GET"]}}],"collection":[{"href":"https:\/\/studiodagostini.com\/pt\/wp-json\/wp\/v2\/pages"}],"about":[{"href":"https:\/\/studiodagostini.com\/pt\/wp-json\/wp\/v2\/types\/page"}],"author":[{"embeddable":true,"href":"https:\/\/studiodagostini.com\/pt\/wp-json\/wp\/v2\/users\/1"}],"replies":[{"embeddable":true,"href":"https:\/\/studiodagostini.com\/pt\/wp-json\/wp\/v2\/comments?post=65"}],"version-history":[{"count":2,"href":"https:\/\/studiodagostini.com\/pt\/wp-json\/wp\/v2\/pages\/65\/revisions"}],"predecessor-version":[{"id":1124,"href":"https:\/\/studiodagostini.com\/pt\/wp-json\/wp\/v2\/pages\/65\/revisions\/1124"}],"wp:attachment":[{"href":"https:\/\/studiodagostini.com\/pt\/wp-json\/wp\/v2\/media?parent=65"}],"curies":[{"name":"wp","href":"https:\/\/api.w.org\/{rel}","templated":true}]}}