{"id":3,"date":"2025-03-06T09:37:45","date_gmt":"2025-03-06T09:37:45","guid":{"rendered":"https:\/\/intelligent-shannon.217-28-65-195.plesk.page\/?page_id=3"},"modified":"2025-03-12T16:55:50","modified_gmt":"2025-03-12T16:55:50","slug":"politica-de-privacidade","status":"publish","type":"page","link":"https:\/\/studiodagostini.com\/pt\/politica-de-privacidade\/","title":{"rendered":"Pol\u00edtica de privacidade"},"content":{"rendered":"<p>Prezado usu\u00e1rio,<br>Estas informa\u00e7\u00f5es s\u00e3o fornecidas a voc\u00ea em conformidade com o Artigo 13 do Decreto Legislativo 196\/2003.<br>Os dados que voc\u00ea fornecer ser\u00e3o processados para as seguintes finalidades: informa\u00e7\u00e3o, comercial, execu\u00e7\u00e3o do contrato\/mandato<\/p>\n\n\n\n<p>O processamento de seus dados ser\u00e1 realizado em total respeito \u00e0s suas liberdades fundamentais, sem preju\u00edzo de sua privacidade e dignidade, sempre adotando princ\u00edpios baseados na corre\u00e7\u00e3o, legalidade e transpar\u00eancia e para finalidades que n\u00e3o excedam as finalidades da coleta.  Para o processamento dos seus dados, ser\u00e3o utilizados instrumentos eletr\u00f4nicos e manuais, adotando todas as medidas de seguran\u00e7a adequadas para garantir a confidencialidade e a integridade dos dados.<\/p>\n\n\n\n<p>Os dados processados n\u00e3o ser\u00e3o divulgados a pessoas sem autoriza\u00e7\u00e3o concedida pelo Controlador de Dados ou pelo Processador de Dados, exceto para a divulga\u00e7\u00e3o ou dissemina\u00e7\u00e3o de dados exigidos, de acordo com a lei, por for\u00e7as policiais, autoridades judiciais, \u00f3rg\u00e3os de informa\u00e7\u00e3o e seguran\u00e7a ou outras entidades p\u00fablicas para fins de defesa ou seguran\u00e7a do Estado, preven\u00e7\u00e3o, detec\u00e7\u00e3o ou repress\u00e3o de delitos.<\/p>\n\n\n\n<p>O processamento tamb\u00e9m pode dizer respeito ao tipo de dados chamados \"Sens\u00edveis\", ou seja, dados que revelem origem racial ou \u00e9tnica, cren\u00e7as religiosas, filos\u00f3ficas ou outras, opini\u00f5es pol\u00edticas, filia\u00e7\u00e3o a partidos, sindicatos, associa\u00e7\u00f5es ou organiza\u00e7\u00f5es de car\u00e1ter religioso, filos\u00f3fico, pol\u00edtico ou sindicalista, bem como dados pessoais que revelem sa\u00fade e vida sexual. Esse processamento s\u00f3 pode ser autorizado com seu consentimento por escrito.<\/p>\n\n\n\n<p>O fornecimento de dados \u00e9 opcional, mas a recusa em fornec\u00ea-los pode comprometer a execu\u00e7\u00e3o parcial ou total do contrato.<\/p>\n\n\n\n<p>Os dados que voc\u00ea fornecer ser\u00e3o processados em nossas instala\u00e7\u00f5es<\/p>\n\n\n\n<p>Local de tratamento Processador de dados<\/p>\n\n\n\n<p>O controlador de dados \u00e9:&nbsp;<strong>ATHENA CONSULTING SRL<\/strong>&nbsp;- P.IVA e C.F. 16673151003 - VIA CRESCENZIO, 58 - 00193 ROMA (RM) - Tel.&nbsp;<a href=\"tel:066879674\">06.68.79.674<\/a>&nbsp;- Tel.&nbsp;<a href=\"tel:0669315843\">06.69.31.58.43<\/a>&nbsp;- C\u00e9lula.&nbsp;<a href=\"tel:3289648688\">328.96.48.688&nbsp;<\/a>- E-mail&nbsp;<a href=\"mailto:studioroma@studiodagostini.com\">studioroma@studiodagostini.com<\/a>&nbsp;- PEC:&nbsp;<a href=\"mailto:studioroma@pec.studiodagostini.com\">studioroma@pec.studiodagostini.com<\/a><\/p>\n\n\n\n<p>O par\u00e1grafo 2 do artigo 7 do Decreto Legislativo 196\/2003 lhe concede o direito de solicitar uma lista atualizada de pessoas que possam ter conhecimento dos dados processados.<br>Como Titular dos Dados, voc\u00ea pode, a qualquer momento, reivindicar todos os direitos garantidos pelo Artigo 7 do Decreto Legislativo 196\/2003 contra o Controlador de Dados.<\/p>","protected":false},"excerpt":{"rendered":"<p>Gentile utente,la presente informativa Le viene consegnata in ottemperanza all\u2019art. 13 del Decreto Legislativo 196\/2003.I dati da Lei forniti verranno trattati per le seguenti finalit\u00e0:\u00a0 informative, commerciali, esecuzione del contratto\/mandato Il trattamento dei dati si svolger\u00e0 nel pieno rispetto delle libert\u00e0 fondamentali senza ledere la Sua riservatezza e la Sua dignit\u00e0, adottando sempre principi ispirati [&hellip;]<\/p>\n","protected":false},"author":1,"featured_media":0,"parent":0,"menu_order":0,"comment_status":"closed","ping_status":"open","template":"","meta":{"_acf_changed":false,"footnotes":""},"class_list":["post-3","page","type-page","status-publish","hentry"],"acf":[],"_links":{"self":[{"href":"https:\/\/studiodagostini.com\/pt\/wp-json\/wp\/v2\/pages\/3","targetHints":{"allow":["GET"]}}],"collection":[{"href":"https:\/\/studiodagostini.com\/pt\/wp-json\/wp\/v2\/pages"}],"about":[{"href":"https:\/\/studiodagostini.com\/pt\/wp-json\/wp\/v2\/types\/page"}],"author":[{"embeddable":true,"href":"https:\/\/studiodagostini.com\/pt\/wp-json\/wp\/v2\/users\/1"}],"replies":[{"embeddable":true,"href":"https:\/\/studiodagostini.com\/pt\/wp-json\/wp\/v2\/comments?post=3"}],"version-history":[{"count":1,"href":"https:\/\/studiodagostini.com\/pt\/wp-json\/wp\/v2\/pages\/3\/revisions"}],"predecessor-version":[{"id":64,"href":"https:\/\/studiodagostini.com\/pt\/wp-json\/wp\/v2\/pages\/3\/revisions\/64"}],"wp:attachment":[{"href":"https:\/\/studiodagostini.com\/pt\/wp-json\/wp\/v2\/media?parent=3"}],"curies":[{"name":"wp","href":"https:\/\/api.w.org\/{rel}","templated":true}]}}