{"id":65,"date":"2025-03-12T16:57:06","date_gmt":"2025-03-12T16:57:06","guid":{"rendered":"https:\/\/intelligent-shannon.217-28-65-195.plesk.page\/?page_id=65"},"modified":"2025-06-16T14:43:49","modified_gmt":"2025-06-16T12:43:49","slug":"biscuits","status":"publish","type":"page","link":"https:\/\/studiodagostini.com\/fr\/biscuits\/","title":{"rendered":"POLITIQUE EN MATI\u00c8RE DE COOKIES"},"content":{"rendered":"<p>Cookies : g\u00e9n\u00e9ralit\u00e9s Les cookies sont de petits fichiers texte g\u00e9n\u00e9r\u00e9s par les sites web qui conservent les donn\u00e9es de la session de navigation de l'utilisateur afin de simplifier les proc\u00e9dures de \"chargement\" du contenu du site lors de l'acc\u00e8s suivant. Ces fichiers permettent au site de conserver des informations sur la \"navigation\" entre les pages web et d'analyser la mani\u00e8re dont le \"visiteur\" interagit avec le site. De mani\u00e8re g\u00e9n\u00e9rale et dans des conditions normales, les cookies sont s\u00fbrs : ils ne peuvent conserver que les informations saisies par le navigateur, li\u00e9es \u00e0 l'acc\u00e8s dans le navigateur lui-m\u00eame ou incluses dans la page demand\u00e9e ; ils ne peuvent pas se transformer en codes malveillants ni \u00eatre utilis\u00e9s pour acc\u00e9der de mani\u00e8re abusive \u00e0 l'ordinateur ou \u00e0 tout autre dispositif utilis\u00e9 pour la navigation. Il existe deux cat\u00e9gories de cookies utilis\u00e9es \u00e0 des fins diff\u00e9rentes et con\u00e7ues pour contenir des informations diff\u00e9rentes<\/p>\n\n\n\n<ul class=\"wp-block-list\">\n<li>Les cookies de session contiennent des informations utilis\u00e9es pendant la session de navigation en cours et sont automatiquement supprim\u00e9s lorsque vous fermez le navigateur. Cela signifie que rien n'est stock\u00e9 sur l'appareil utilis\u00e9 par le \"visiteur\" au-del\u00e0 de la dur\u00e9e d'utilisation du site.<\/li>\n\n\n\n<li>L'objectif des cookies persistants (ou t\u00e9moins persistants) est de conserver les donn\u00e9es stock\u00e9es en m\u00e9moire afin de les utiliser lors d'acc\u00e8s diff\u00e9rents et ult\u00e9rieurs au site web, afin de permettre au site web lui-m\u00eame de reconna\u00eetre le client\/visiteur et de simplifier l'interaction avec le contenu du site web. Ces cookies ont une dur\u00e9e variable, de quelques minutes \u00e0 plusieurs ann\u00e9es, en fonction des param\u00e8tres du site lui-m\u00eame. Pour plus de d\u00e9tails, veuillez consulter la documentation pertinente disponible sur le site du Garante per la Protezione dei dati Personali.\u00a0<a href=\"http:\/\/www.garanteprivacy.it\/\" target=\"_blank\" rel=\"noopener\"><\/a><a href=\"http:\/\/www.garanteprivacy.it\/\" target=\"_blank\" rel=\"noopener\">http:\/\/www.garanteprivacy.it<\/a><\/li>\n<\/ul>\n\n\n\n<p><strong>Politique en mati\u00e8re de cookies de ce site<\/strong><\/p>\n\n\n\n<p>Les cookies* ne sont pas utilis\u00e9s pour la transmission d'informations \u00e0 caract\u00e8re personnel ; leur utilisation (comme les cookies de session) est strictement limit\u00e9e \u00e0 la transmission d'identifiants de session n\u00e9cessaires pour permettre une exploration s\u00fbre et efficace du site et visant \u00e0 \u00e9viter l'utilisation d'autres techniques informatiques plus invasives et potentiellement pr\u00e9judiciables \u00e0 la confidentialit\u00e9 de la navigation des utilisateurs. On utilise \u00e9galement des cookies persistants qui restent stock\u00e9s sur le disque dur de l'ordinateur jusqu'\u00e0 leur expiration ou leur suppression par les utilisateurs\/visiteurs dans le seul but de permettre une proc\u00e9dure de reconnaissance automatique plus imm\u00e9diate et plus facile des utilisateurs\/visiteurs lors d'un acc\u00e8s ult\u00e9rieur. Les utilisateurs\/visiteurs conservent la pleine facult\u00e9 de d\u00e9finir des politiques sp\u00e9cifiques de gestion des cookies sur leurs clients. Sans pr\u00e9judice des limitations que de tels param\u00e9trages peuvent g\u00e9n\u00e9rer en termes d'accessibilit\u00e9 au site et\/ou \u00e0 ses contenus sp\u00e9cifiques, Ver.Pol est \u00e9tranger au fonctionnement des \"cookies de tiers\", dont le fonctionnement rel\u00e8ve de la responsabilit\u00e9 de ces tiers et dont la transmission sur le client de l'utilisateur\/visiteur d\u00e9pend de la pr\u00e9sence de contenus (ex. cartes, liens, etc.) qui renvoient \u00e0 des ressources Internet (sites et\/ou serveurs) hors de la sph\u00e8re de gestion et de responsabilit\u00e9 de Ver.Pol. Les cookies utilis\u00e9s par ce type sont de nature analytique et fonctionnelle.<\/p>\n\n\n\n<p><strong>Activation\/d\u00e9sactivation des cookies sur le navigateur utilis\u00e9<\/strong>&nbsp;En modifiant les param\u00e8tres de votre navigateur, vous pouvez accepter ou rejeter les cookies ou d\u00e9cider de recevoir un message d'avertissement avant d'accepter un cookie des sites web que vous visitez. Il convient toutefois de rappeler que la d\u00e9sactivation compl\u00e8te des cookies dans le navigateur que vous utilisez peut \u00e9ventuellement entra\u00eener l'impossibilit\u00e9 d'utiliser tout ou partie des fonctions interactives du site.<\/p>\n\n\n\n<p>* Les cookies ou marqueurs sont des paquets d'informations envoy\u00e9s par un serveur web (par exemple le site) au navigateur Internet de l'utilisateur, automatiquement stock\u00e9s par ce dernier sur l'ordinateur et automatiquement renvoy\u00e9s au serveur \u00e0 chaque fois que l'on acc\u00e8de au site.<\/p>\n\n\n\n<p>POLITIQUE DE GESTION DES COOKIES<\/p>\n\n\n\n<p><strong>ATHENA CONSULTING SRL<\/strong>&nbsp;- TVA et code fiscal 16673151003<br>VIA CRESCENZIO, 58 - 00193 ROME (RM) - Tel.&nbsp;<a href=\"tel:066879674\">06.68.79.674<\/a>&nbsp;- Cellule.&nbsp;<a href=\"tel:3289644688\">328.96.44.688<\/a><br>Courriel&nbsp;<a href=\"mailto:studioroma@studiodagostini.com\"><\/a><a href=\"mailto:studioroma@studiodagostini.com\">studioroma@studiodagostini.com<\/a>&nbsp;- PEC :&nbsp;<a href=\"mailto:studioroma@pec.studiodagostini.com\"><\/a><a href=\"mailto:studioroma@pec.studiodagostini.com\">studioroma@pec.studiodagostini.com<\/a><\/p>\n\n\n\n<p>Nous vous rappelons que vous pouvez toujours supprimer tous les cookies install\u00e9s dans le dossier cookies du navigateur que vous utilisez. Chaque navigateur a des proc\u00e9dures diff\u00e9rentes pour g\u00e9rer les param\u00e8tres de gestion des cookies ; vous pouvez obtenir des instructions sp\u00e9cifiques pour la gestion autonome des cookies sur votre appareil via les liens ci-dessous.<\/p>\n\n\n\n<ul class=\"wp-block-list\">\n<li>Explorateur Microsoft Windows\u00a0<a href=\"http:\/\/windows.microsoft.com\/en-us\/windows-vista\/block-or-allow-cookies\" target=\"_blank\" rel=\"noopener\"><\/a><a href=\"http:\/\/windows.microsoft.com\/en-us\/windows-vista\/block-or-allow-cookies\" target=\"_blank\" rel=\"noopener\">http:\/\/windows.microsoft.com\/en-us\/windows-vista\/block-or-allow-cookies<\/a><\/li>\n\n\n\n<li>Mozilla Firefox\u00a0<a href=\"http:\/\/support.mozilla.org\/en-US\/kb\/Enabling%20and%20disabling%20cookies\" target=\"_blank\" rel=\"noopener\"><\/a><a href=\"http:\/\/support.mozilla.org\/en-US\/kb\/Enabling%20and%20disabling%20cookies\" target=\"_blank\" rel=\"noopener\">http:\/\/support.mozilla.org\/en-US\/kb\/Enabling%20and%20disabling%20cookies<\/a><\/li>\n\n\n\n<li>Google Chrome\u00a0<a href=\"https:\/\/support.google.com\/chrome\/bin\/answer.py?hl=en&amp;answer=95647&amp;p=cpn_cookies\" target=\"_blank\" rel=\"noopener\"><\/a><a href=\"https:\/\/support.google.com\/chrome\/bin\/answer.py?hl=en&amp;answer=95647&amp;p=cpn_cookies\" target=\"_blank\" rel=\"noopener\">https:\/\/support.google.com\/chrome\/bin\/answer.py?hl=en&amp;answer=95647&amp;p=cpn_cookies<\/a>\u00a0Apple Safari\u00a0<a href=\"http:\/\/docs.info.apple.com\/article.html?path=Safari\/5.0\/en\/9277.html\" target=\"_blank\" rel=\"noopener\"><\/a><a href=\"http:\/\/docs.info.apple.com\/article.html?path=Safari\/5.0\/en\/9277.html\" target=\"_blank\" rel=\"noopener\">http:\/\/docs.info.apple.com\/article.html?path=Safari\/5.0\/en\/9277.html<\/a><\/li>\n\n\n\n<li>Adobe Flash Player\u00a0<a href=\"http:\/\/www.macromedia.com\/support\/documentation\/en\/flashplayer\/help\/settings_manager02.html#118539\" target=\"_blank\" rel=\"noopener\"><\/a><a href=\"http:\/\/www.macromedia.com\/support\/documentation\/en\/flashplayer\/help\/settings_manager02.html#118539\" target=\"_blank\" rel=\"noopener\">http:\/\/www.macromedia.com\/support\/documentation\/en\/flashplayer\/help\/settings_manager02.html#118539<\/a><\/li>\n<\/ul>\n\n\n\n<p>Vous trouverez ci-dessous des liens vers les informations\/politiques pertinentes sur les sites\/m\u00e9dias sociaux les plus courants :<\/p>\n\n\n\n<ul class=\"wp-block-list\">\n<li>YouTube\u00a0<a href=\"http:\/\/www.google.co.uk\/intl\/en\/policies\/privacy\/\" target=\"_blank\" rel=\"noopener\"><\/a><a href=\"http:\/\/www.google.co.uk\/intl\/en\/policies\/privacy\/\" target=\"_blank\" rel=\"noopener\">http:\/\/www.google.co.uk\/intl\/en\/policies\/privacy\/<\/a><\/li>\n\n\n\n<li>Google Maps\u00a0<a href=\"https:\/\/support.google.com\/maps\/answer\/153802?hl=en&amp;rd=1\" target=\"_blank\" rel=\"noopener\"><\/a><a href=\"https:\/\/support.google.com\/maps\/answer\/153802?hl=en&amp;rd=1\" target=\"_blank\" rel=\"noopener\">https:\/\/support.google.com\/maps\/answer\/153802?hl=en&amp;rd=1<\/a><\/li>\n\n\n\n<li>Facebook Connect et plugins Facebook\u00a0<a href=\"https:\/\/www.facebook.com\/about\/privacy\/your-info-on-other\" target=\"_blank\" rel=\"noopener\"><\/a><a href=\"https:\/\/www.facebook.com\/about\/privacy\/your-info-on-other\" target=\"_blank\" rel=\"noopener\">https:\/\/www.facebook.com\/about\/privacy\/your-info-on-other<\/a><\/li>\n\n\n\n<li>Linkedin\u00a0<a href=\"http:\/\/www.linkedin.com\/legal\/privacy-policy\" target=\"_blank\" rel=\"noopener\"><\/a><a href=\"http:\/\/www.linkedin.com\/legal\/privacy-policy\" target=\"_blank\" rel=\"noopener\">http:\/\/www.linkedin.com\/legal\/privacy-policy<\/a><\/li>\n\n\n\n<li>Google Analytics\u00a0<a href=\"https:\/\/developers.google.com\/analytics\/devguides\/collection\/analyticsjs\/cookie-usage\" target=\"_blank\" rel=\"noopener\"><\/a><a href=\"https:\/\/developers.google.com\/analytics\/devguides\/collection\/analyticsjs\/cookie-usage\" target=\"_blank\" rel=\"noopener\">https:\/\/developers.google.com\/analytics\/devguides\/collection\/analyticsjs\/cookie-usage<\/a><\/li>\n\n\n\n<li>Twitter\u00a0<a href=\"https:\/\/twitter.com\/privacy\" target=\"_blank\" rel=\"noopener\"><\/a><a href=\"https:\/\/twitter.com\/privacy\" target=\"_blank\" rel=\"noopener\">https:\/\/twitter.com\/privacy<\/a><\/li>\n\n\n\n<li>Microsoft\u00a0<a href=\"http:\/\/www.microsoft.com\/privacystatement\/en-us\/core\/default.aspx\" target=\"_blank\" rel=\"noopener\"><\/a><a href=\"http:\/\/www.microsoft.com\/privacystatement\/en-us\/core\/default.aspx\" target=\"_blank\" rel=\"noopener\">http:\/\/www.microsoft.com\/privacystatement\/en-us\/core\/default.aspx<\/a><\/li>\n\n\n\n<li>Oracle\u00a0<a href=\"http:\/\/www.oracle.com\/us\/legal\/privacy\/overview\/index.html\" target=\"_blank\" rel=\"noopener\"><\/a><a href=\"http:\/\/www.oracle.com\/us\/legal\/privacy\/overview\/index.html\" target=\"_blank\" rel=\"noopener\">http:\/\/www.oracle.com\/us\/legal\/privacy\/overview\/index.html<\/a><\/li>\n\n\n\n<li>Vimeo\u00a0<a href=\"http:\/\/vimeo.com\/cookie_policy\" target=\"_blank\" rel=\"noopener\"><\/a><a href=\"http:\/\/vimeo.com\/cookie_policy\" target=\"_blank\" rel=\"noopener\">http:\/\/vimeo.com\/cookie_policy<\/a><\/li>\n<\/ul>","protected":false},"excerpt":{"rendered":"<p>Cookies: generalit\u00e0 I cookies sono piccoli file di testo generati dai siti web che mantengono i dati della sessione di navigazione dell\u2019utente al fine di semplificare le procedure di \u201ccaricamento\u201d dei contenuti del sito ad un eventuale successivo nuovo accesso. Tali file permettono al sito di mantenere le informazioni della \u201cnavigazione\u201d tra le pagine web [&hellip;]<\/p>\n","protected":false},"author":1,"featured_media":0,"parent":0,"menu_order":0,"comment_status":"closed","ping_status":"closed","template":"","meta":{"_acf_changed":false,"footnotes":""},"class_list":["post-65","page","type-page","status-publish","hentry"],"acf":[],"_links":{"self":[{"href":"https:\/\/studiodagostini.com\/fr\/wp-json\/wp\/v2\/pages\/65","targetHints":{"allow":["GET"]}}],"collection":[{"href":"https:\/\/studiodagostini.com\/fr\/wp-json\/wp\/v2\/pages"}],"about":[{"href":"https:\/\/studiodagostini.com\/fr\/wp-json\/wp\/v2\/types\/page"}],"author":[{"embeddable":true,"href":"https:\/\/studiodagostini.com\/fr\/wp-json\/wp\/v2\/users\/1"}],"replies":[{"embeddable":true,"href":"https:\/\/studiodagostini.com\/fr\/wp-json\/wp\/v2\/comments?post=65"}],"version-history":[{"count":2,"href":"https:\/\/studiodagostini.com\/fr\/wp-json\/wp\/v2\/pages\/65\/revisions"}],"predecessor-version":[{"id":1124,"href":"https:\/\/studiodagostini.com\/fr\/wp-json\/wp\/v2\/pages\/65\/revisions\/1124"}],"wp:attachment":[{"href":"https:\/\/studiodagostini.com\/fr\/wp-json\/wp\/v2\/media?parent=65"}],"curies":[{"name":"wp","href":"https:\/\/api.w.org\/{rel}","templated":true}]}}