{"id":3,"date":"2025-03-06T09:37:45","date_gmt":"2025-03-06T09:37:45","guid":{"rendered":"https:\/\/intelligent-shannon.217-28-65-195.plesk.page\/?page_id=3"},"modified":"2025-03-12T16:55:50","modified_gmt":"2025-03-12T16:55:50","slug":"politique-de-confidentialite","status":"publish","type":"page","link":"https:\/\/studiodagostini.com\/fr\/politique-de-confidentialite\/","title":{"rendered":"Politique de confidentialit\u00e9"},"content":{"rendered":"<p>Cher utilisateur,<br>Ces informations vous sont fournies conform\u00e9ment \u00e0 l'article 13 du d\u00e9cret l\u00e9gislatif 196\/2003.<br>Les donn\u00e9es que vous fournissez seront trait\u00e9es aux fins suivantes : information, commerce, ex\u00e9cution du contrat\/mandat.<\/p>\n\n\n\n<p>Le traitement de vos donn\u00e9es sera effectu\u00e9 dans le plein respect de vos libert\u00e9s fondamentales, sans pr\u00e9judice de votre vie priv\u00e9e et de votre dignit\u00e9, en adoptant toujours des principes fond\u00e9s sur l'exactitude, la l\u00e9galit\u00e9 et la transparence et \u00e0 des fins qui n'exc\u00e8dent pas les objectifs de la collecte.  Pour le traitement de vos donn\u00e9es, des instruments \u00e9lectroniques et manuels seront utilis\u00e9s, en adoptant toutes les mesures de s\u00e9curit\u00e9 appropri\u00e9es pour garantir la confidentialit\u00e9 et l'int\u00e9grit\u00e9 des donn\u00e9es.<\/p>\n\n\n\n<p>Les donn\u00e9es trait\u00e9es ne seront pas communiqu\u00e9es \u00e0 des personnes sans l'autorisation du responsable du traitement ou du sous-traitant, \u00e0 l'exception de la communication ou de la diffusion de donn\u00e9es requises, conform\u00e9ment \u00e0 la loi, par les forces de police, les autorit\u00e9s judiciaires, les organismes d'information et de s\u00e9curit\u00e9 ou d'autres entit\u00e9s publiques \u00e0 des fins de d\u00e9fense ou de s\u00e9curit\u00e9 de l'\u00c9tat, de pr\u00e9vention, de d\u00e9tection ou de r\u00e9pression des d\u00e9lits.<\/p>\n\n\n\n<p>Le traitement peut \u00e9galement concerner le type de donn\u00e9es dites \"sensibles\", c'est-\u00e0-dire les donn\u00e9es qui r\u00e9v\u00e8lent l'origine raciale ou ethnique, les convictions religieuses, philosophiques ou autres, les opinions politiques, l'appartenance \u00e0 des partis, syndicats, associations ou organisations \u00e0 caract\u00e8re religieux, philosophique, politique ou syndical, ainsi que les donn\u00e9es \u00e0 caract\u00e8re personnel relatives \u00e0 la sant\u00e9 et \u00e0 la vie sexuelle. Ce traitement ne peut \u00eatre autoris\u00e9 qu'avec votre consentement \u00e9crit.<\/p>\n\n\n\n<p>La fourniture des donn\u00e9es est facultative, mais le refus de les fournir peut compromettre l'ex\u00e9cution partielle ou totale du contrat.<\/p>\n\n\n\n<p>Les donn\u00e9es que vous fournissez seront trait\u00e9es dans nos locaux<\/p>\n\n\n\n<p>Lieu de traitement Processeur de donn\u00e9es<\/p>\n\n\n\n<p>Le responsable du traitement des donn\u00e9es est :&nbsp;<strong>ATHENA CONSULTING SRL<\/strong>&nbsp;- P.IVA e C.F. 16673151003 - VIA CRESCENZIO, 58 - 00193 ROMA (RM) - Tel.&nbsp;<a href=\"tel:066879674\">06.68.79.674<\/a>&nbsp;- T\u00e9l.&nbsp;<a href=\"tel:0669315843\">06.69.31.58.43<\/a>&nbsp;- Cellule.&nbsp;<a href=\"tel:3289648688\">328.96.48.688&nbsp;<\/a>- Courriel&nbsp;<a href=\"mailto:studioroma@studiodagostini.com\">studioroma@studiodagostini.com<\/a>&nbsp;- PEC :&nbsp;<a href=\"mailto:studioroma@pec.studiodagostini.com\">studioroma@pec.studiodagostini.com<\/a><\/p>\n\n\n\n<p>Le paragraphe 2 de l'article 7 du d\u00e9cret l\u00e9gislatif 196\/2003 vous donne le droit de demander la mise \u00e0 jour de la liste des personnes qui peuvent avoir connaissance des donn\u00e9es trait\u00e9es.<br>En tant que personne concern\u00e9e, vous pouvez \u00e0 tout moment faire valoir tous les droits garantis par l'article 7 du d\u00e9cret l\u00e9gislatif 196\/2003 \u00e0 l'encontre du contr\u00f4leur des donn\u00e9es.<\/p>","protected":false},"excerpt":{"rendered":"<p>Gentile utente,la presente informativa Le viene consegnata in ottemperanza all\u2019art. 13 del Decreto Legislativo 196\/2003.I dati da Lei forniti verranno trattati per le seguenti finalit\u00e0:\u00a0 informative, commerciali, esecuzione del contratto\/mandato Il trattamento dei dati si svolger\u00e0 nel pieno rispetto delle libert\u00e0 fondamentali senza ledere la Sua riservatezza e la Sua dignit\u00e0, adottando sempre principi ispirati [&hellip;]<\/p>\n","protected":false},"author":1,"featured_media":0,"parent":0,"menu_order":0,"comment_status":"closed","ping_status":"open","template":"","meta":{"_acf_changed":false,"footnotes":""},"class_list":["post-3","page","type-page","status-publish","hentry"],"acf":[],"_links":{"self":[{"href":"https:\/\/studiodagostini.com\/fr\/wp-json\/wp\/v2\/pages\/3","targetHints":{"allow":["GET"]}}],"collection":[{"href":"https:\/\/studiodagostini.com\/fr\/wp-json\/wp\/v2\/pages"}],"about":[{"href":"https:\/\/studiodagostini.com\/fr\/wp-json\/wp\/v2\/types\/page"}],"author":[{"embeddable":true,"href":"https:\/\/studiodagostini.com\/fr\/wp-json\/wp\/v2\/users\/1"}],"replies":[{"embeddable":true,"href":"https:\/\/studiodagostini.com\/fr\/wp-json\/wp\/v2\/comments?post=3"}],"version-history":[{"count":1,"href":"https:\/\/studiodagostini.com\/fr\/wp-json\/wp\/v2\/pages\/3\/revisions"}],"predecessor-version":[{"id":64,"href":"https:\/\/studiodagostini.com\/fr\/wp-json\/wp\/v2\/pages\/3\/revisions\/64"}],"wp:attachment":[{"href":"https:\/\/studiodagostini.com\/fr\/wp-json\/wp\/v2\/media?parent=3"}],"curies":[{"name":"wp","href":"https:\/\/api.w.org\/{rel}","templated":true}]}}