{"id":65,"date":"2025-03-12T16:57:06","date_gmt":"2025-03-12T16:57:06","guid":{"rendered":"https:\/\/intelligent-shannon.217-28-65-195.plesk.page\/?page_id=65"},"modified":"2025-06-16T14:43:49","modified_gmt":"2025-06-16T12:43:49","slug":"galletas","status":"publish","type":"page","link":"https:\/\/studiodagostini.com\/es\/galletas\/","title":{"rendered":"POL\u00cdTICA DE COOKIES"},"content":{"rendered":"<p>Cookies: generalidades Las cookies son peque\u00f1os archivos de texto generados por los sitios web que retienen datos de la sesi\u00f3n de navegaci\u00f3n del usuario con el fin de simplificar los procedimientos de \"carga\" de los contenidos del sitio en el siguiente acceso. Estos archivos permiten al sitio mantener informaci\u00f3n sobre la \"navegaci\u00f3n\" entre p\u00e1ginas web y tambi\u00e9n analizar la forma en que el \"visitante\" interact\u00faa con el sitio. En t\u00e9rminos generales y en condiciones normales, las cookies son seguras -s\u00f3lo pueden conservar la informaci\u00f3n introducida por el navegador, relacionada con el acceso en el propio navegador o incluida en la p\u00e1gina solicitada-; no pueden convertirse en c\u00f3digos maliciosos ni utilizarse para acceder de forma abusiva al ordenador u otro dispositivo utilizado para la navegaci\u00f3n. Existen dos categor\u00edas diferentes de cookies que se utilizan con fines distintos y est\u00e1n dise\u00f1adas para contener informaci\u00f3n diferente<\/p>\n\n\n\n<ul class=\"wp-block-list\">\n<li>Las cookies de sesi\u00f3n contienen informaci\u00f3n que se utiliza durante la sesi\u00f3n actual del navegador y se eliminan autom\u00e1ticamente al cerrar el navegador. Esto significa que no se almacena nada en el dispositivo utilizado por el \"visitante\" m\u00e1s all\u00e1 del tiempo de uso del sitio.<\/li>\n\n\n\n<li>La finalidad de las cookies persistentes (o cookies persistentes) es mantener en memoria los datos almacenados para utilizarlos en diferentes y posteriores accesos al sitio web con el fin de permitir que el propio sitio web reconozca al cliente\/visitante y simplifique la interacci\u00f3n con el contenido del sitio web. Estas cookies tienen una duraci\u00f3n variable, desde unos minutos hasta varios a\u00f1os, dependiendo de la configuraci\u00f3n del propio sitio. Para m\u00e1s detalles, consulte la documentaci\u00f3n pertinente disponible en el sitio del Garante per la Protezione dei dati Personali\u00a0<a href=\"http:\/\/www.garanteprivacy.it\/\" target=\"_blank\" rel=\"noopener\"><\/a><a href=\"http:\/\/www.garanteprivacy.it\/\" target=\"_blank\" rel=\"noopener\">http:\/\/www.garanteprivacy.it<\/a><\/li>\n<\/ul>\n\n\n\n<p><strong>Pol\u00edtica de cookies de este sitio<\/strong><\/p>\n\n\n\n<p>No se hace uso de cookies* para la transmisi\u00f3n de informaci\u00f3n de car\u00e1cter personal; su uso (como las cookies de sesi\u00f3n) se limita estrictamente a la transmisi\u00f3n de identificadores de sesi\u00f3n necesarios para permitir la exploraci\u00f3n segura y eficiente del sitio y destinados a evitar el uso de otras t\u00e9cnicas inform\u00e1ticas m\u00e1s invasivas y potencialmente perjudiciales para la confidencialidad de la navegaci\u00f3n de los usuarios. Tambi\u00e9n se utilizan cookies persistentes, que permanecen almacenadas en el disco duro del ordenador hasta que expiran o son eliminadas por los usuarios\/visitantes con el \u00fanico fin de permitir un procedimiento de reconocimiento autom\u00e1tico m\u00e1s inmediato y f\u00e1cil de los usuarios\/visitantes en un acceso posterior. Queda a plena facultad de los usuarios\/visitantes establecer pol\u00edticas espec\u00edficas de gesti\u00f3n de cookies en sus clientes. Sin perjuicio de las limitaciones que tales configuraciones puedan generar en cuanto a la accesibilidad al sitio y\/o a sus contenidos espec\u00edficos. Ver.Pol es ajena al funcionamiento de las \"cookies de terceros\", cuyo funcionamiento es responsabilidad de dichos terceros y cuya transmisi\u00f3n en el cliente del usuario\/visitante depende de la presencia de contenidos (por ejemplo, mapas, enlaces, etc.) que remiten a recursos de Internet (sitios y\/o servidores) ajenos al \u00e1mbito de gesti\u00f3n y responsabilidad de Ver.Pol. Las cookies utilizadas por este tipo son de tipo anal\u00edtico y funcional.<\/p>\n\n\n\n<p><strong>Activar\/desactivar las cookies en el navegador utilizado<\/strong>&nbsp;Cambiando la configuraci\u00f3n de su navegador, puede aceptar o rechazar las cookies o decidir recibir un mensaje de advertencia antes de aceptar una cookie de los sitios web que visita. Conviene recordar, no obstante, que desactivar completamente las cookies en el navegador que est\u00e9 utilizando puede suponer potencialmente la imposibilidad de utilizar algunas o todas las funciones interactivas del sitio.<\/p>\n\n\n\n<p>* Las cookies o marcadores son paquetes de informaci\u00f3n enviados por un servidor web (por ejemplo, el sitio) al navegador de Internet del usuario, almacenados autom\u00e1ticamente por \u00e9ste en el ordenador y devueltos autom\u00e1ticamente al servidor cada vez que se accede al sitio.<\/p>\n\n\n\n<p>POL\u00cdTICA DE GESTI\u00d3N DE COOKIES<\/p>\n\n\n\n<p><strong>ATHENA CONSULTING SRL<\/strong>&nbsp;- IVA y C\u00f3digo Fiscal 16673151003<br>VIA CRESCENZIO, 58 - 00193 ROMA (RM) - Tel.&nbsp;<a href=\"tel:066879674\">06.68.79.674<\/a>&nbsp;- Celda.&nbsp;<a href=\"tel:3289644688\">328.96.44.688<\/a><br>Correo electr\u00f3nico&nbsp;<a href=\"mailto:studioroma@studiodagostini.com\"><\/a><a href=\"mailto:studioroma@studiodagostini.com\">studioroma@studiodagostini.com<\/a>&nbsp;- PEC:&nbsp;<a href=\"mailto:studioroma@pec.studiodagostini.com\"><\/a><a href=\"mailto:studioroma@pec.studiodagostini.com\">studioroma@pec.studiodagostini.com<\/a><\/p>\n\n\n\n<p>Le recordamos que siempre puede eliminar todas las cookies instaladas en la carpeta de cookies del navegador que est\u00e9 utilizando. Cada navegador tiene procedimientos diferentes para gestionar la configuraci\u00f3n de la gesti\u00f3n de cookies; puede obtener instrucciones espec\u00edficas para la gesti\u00f3n aut\u00f3noma de cookies en su dispositivo a trav\u00e9s de los enlaces que aparecen a continuaci\u00f3n.<\/p>\n\n\n\n<ul class=\"wp-block-list\">\n<li>Explorador de Microsoft Windows\u00a0<a href=\"http:\/\/windows.microsoft.com\/en-us\/windows-vista\/block-or-allow-cookies\" target=\"_blank\" rel=\"noopener\"><\/a><a href=\"http:\/\/windows.microsoft.com\/en-us\/windows-vista\/block-or-allow-cookies\" target=\"_blank\" rel=\"noopener\">http:\/\/windows.microsoft.com\/en-us\/windows-vista\/block-or-allow-cookies<\/a><\/li>\n\n\n\n<li>Mozilla Firefox\u00a0<a href=\"http:\/\/support.mozilla.org\/en-US\/kb\/Enabling%20and%20disabling%20cookies\" target=\"_blank\" rel=\"noopener\"><\/a><a href=\"http:\/\/support.mozilla.org\/en-US\/kb\/Enabling%20and%20disabling%20cookies\" target=\"_blank\" rel=\"noopener\">http:\/\/support.mozilla.org\/en-US\/kb\/Enabling%20and%20disabling%20cookies<\/a><\/li>\n\n\n\n<li>Google Chrome\u00a0<a href=\"https:\/\/support.google.com\/chrome\/bin\/answer.py?hl=en&amp;answer=95647&amp;p=cpn_cookies\" target=\"_blank\" rel=\"noopener\"><\/a><a href=\"https:\/\/support.google.com\/chrome\/bin\/answer.py?hl=en&amp;answer=95647&amp;p=cpn_cookies\" target=\"_blank\" rel=\"noopener\">https:\/\/support.google.com\/chrome\/bin\/answer.py?hl=en&amp;answer=95647&amp;p=cpn_cookies<\/a>\u00a0Safari de Apple\u00a0<a href=\"http:\/\/docs.info.apple.com\/article.html?path=Safari\/5.0\/en\/9277.html\" target=\"_blank\" rel=\"noopener\"><\/a><a href=\"http:\/\/docs.info.apple.com\/article.html?path=Safari\/5.0\/en\/9277.html\" target=\"_blank\" rel=\"noopener\">http:\/\/docs.info.apple.com\/article.html?path=Safari\/5.0\/en\/9277.html<\/a><\/li>\n\n\n\n<li>Adobe Flash Player\u00a0<a href=\"http:\/\/www.macromedia.com\/support\/documentation\/en\/flashplayer\/help\/settings_manager02.html#118539\" target=\"_blank\" rel=\"noopener\"><\/a><a href=\"http:\/\/www.macromedia.com\/support\/documentation\/en\/flashplayer\/help\/settings_manager02.html#118539\" target=\"_blank\" rel=\"noopener\">http:\/\/www.macromedia.com\/support\/documentation\/en\/flashplayer\/help\/settings_manager02.html#118539<\/a><\/li>\n<\/ul>\n\n\n\n<p>A continuaci\u00f3n encontrar\u00e1 enlaces a la informaci\u00f3n\/pol\u00edticas pertinentes de los sitios\/medios sociales m\u00e1s comunes:<\/p>\n\n\n\n<ul class=\"wp-block-list\">\n<li>YouTube\u00a0<a href=\"http:\/\/www.google.co.uk\/intl\/en\/policies\/privacy\/\" target=\"_blank\" rel=\"noopener\"><\/a><a href=\"http:\/\/www.google.co.uk\/intl\/en\/policies\/privacy\/\" target=\"_blank\" rel=\"noopener\">http:\/\/www.google.co.uk\/intl\/en\/policies\/privacy\/<\/a><\/li>\n\n\n\n<li>Google Maps\u00a0<a href=\"https:\/\/support.google.com\/maps\/answer\/153802?hl=en&amp;rd=1\" target=\"_blank\" rel=\"noopener\"><\/a><a href=\"https:\/\/support.google.com\/maps\/answer\/153802?hl=en&amp;rd=1\" target=\"_blank\" rel=\"noopener\">https:\/\/support.google.com\/maps\/answer\/153802?hl=en&amp;rd=1<\/a><\/li>\n\n\n\n<li>Facebook Connect y plugins de Facebook\u00a0<a href=\"https:\/\/www.facebook.com\/about\/privacy\/your-info-on-other\" target=\"_blank\" rel=\"noopener\"><\/a><a href=\"https:\/\/www.facebook.com\/about\/privacy\/your-info-on-other\" target=\"_blank\" rel=\"noopener\">https:\/\/www.facebook.com\/about\/privacy\/your-info-on-other<\/a><\/li>\n\n\n\n<li>Linkedin\u00a0<a href=\"http:\/\/www.linkedin.com\/legal\/privacy-policy\" target=\"_blank\" rel=\"noopener\"><\/a><a href=\"http:\/\/www.linkedin.com\/legal\/privacy-policy\" target=\"_blank\" rel=\"noopener\">http:\/\/www.linkedin.com\/legal\/privacy-policy<\/a><\/li>\n\n\n\n<li>Google Analytics\u00a0<a href=\"https:\/\/developers.google.com\/analytics\/devguides\/collection\/analyticsjs\/cookie-usage\" target=\"_blank\" rel=\"noopener\"><\/a><a href=\"https:\/\/developers.google.com\/analytics\/devguides\/collection\/analyticsjs\/cookie-usage\" target=\"_blank\" rel=\"noopener\">https:\/\/developers.google.com\/analytics\/devguides\/collection\/analyticsjs\/cookie-usage<\/a><\/li>\n\n\n\n<li>Twitter\u00a0<a href=\"https:\/\/twitter.com\/privacy\" target=\"_blank\" rel=\"noopener\"><\/a><a href=\"https:\/\/twitter.com\/privacy\" target=\"_blank\" rel=\"noopener\">https:\/\/twitter.com\/privacy<\/a><\/li>\n\n\n\n<li>Microsoft\u00a0<a href=\"http:\/\/www.microsoft.com\/privacystatement\/en-us\/core\/default.aspx\" target=\"_blank\" rel=\"noopener\"><\/a><a href=\"http:\/\/www.microsoft.com\/privacystatement\/en-us\/core\/default.aspx\" target=\"_blank\" rel=\"noopener\">http:\/\/www.microsoft.com\/privacystatement\/en-us\/core\/default.aspx<\/a><\/li>\n\n\n\n<li>Oracle\u00a0<a href=\"http:\/\/www.oracle.com\/us\/legal\/privacy\/overview\/index.html\" target=\"_blank\" rel=\"noopener\"><\/a><a href=\"http:\/\/www.oracle.com\/us\/legal\/privacy\/overview\/index.html\" target=\"_blank\" rel=\"noopener\">http:\/\/www.oracle.com\/us\/legal\/privacy\/overview\/index.html<\/a><\/li>\n\n\n\n<li>Vimeo\u00a0<a href=\"http:\/\/vimeo.com\/cookie_policy\" target=\"_blank\" rel=\"noopener\"><\/a><a href=\"http:\/\/vimeo.com\/cookie_policy\" target=\"_blank\" rel=\"noopener\">http:\/\/vimeo.com\/cookie_policy<\/a><\/li>\n<\/ul>","protected":false},"excerpt":{"rendered":"<p>Cookies: generalit\u00e0 I cookies sono piccoli file di testo generati dai siti web che mantengono i dati della sessione di navigazione dell\u2019utente al fine di semplificare le procedure di \u201ccaricamento\u201d dei contenuti del sito ad un eventuale successivo nuovo accesso. Tali file permettono al sito di mantenere le informazioni della \u201cnavigazione\u201d tra le pagine web [&hellip;]<\/p>\n","protected":false},"author":1,"featured_media":0,"parent":0,"menu_order":0,"comment_status":"closed","ping_status":"closed","template":"","meta":{"_acf_changed":false,"footnotes":""},"class_list":["post-65","page","type-page","status-publish","hentry"],"acf":[],"_links":{"self":[{"href":"https:\/\/studiodagostini.com\/es\/wp-json\/wp\/v2\/pages\/65","targetHints":{"allow":["GET"]}}],"collection":[{"href":"https:\/\/studiodagostini.com\/es\/wp-json\/wp\/v2\/pages"}],"about":[{"href":"https:\/\/studiodagostini.com\/es\/wp-json\/wp\/v2\/types\/page"}],"author":[{"embeddable":true,"href":"https:\/\/studiodagostini.com\/es\/wp-json\/wp\/v2\/users\/1"}],"replies":[{"embeddable":true,"href":"https:\/\/studiodagostini.com\/es\/wp-json\/wp\/v2\/comments?post=65"}],"version-history":[{"count":2,"href":"https:\/\/studiodagostini.com\/es\/wp-json\/wp\/v2\/pages\/65\/revisions"}],"predecessor-version":[{"id":1124,"href":"https:\/\/studiodagostini.com\/es\/wp-json\/wp\/v2\/pages\/65\/revisions\/1124"}],"wp:attachment":[{"href":"https:\/\/studiodagostini.com\/es\/wp-json\/wp\/v2\/media?parent=65"}],"curies":[{"name":"wp","href":"https:\/\/api.w.org\/{rel}","templated":true}]}}