{"id":3,"date":"2025-03-06T09:37:45","date_gmt":"2025-03-06T09:37:45","guid":{"rendered":"https:\/\/intelligent-shannon.217-28-65-195.plesk.page\/?page_id=3"},"modified":"2025-03-12T16:55:50","modified_gmt":"2025-03-12T16:55:50","slug":"politica-de-privacidad","status":"publish","type":"page","link":"https:\/\/studiodagostini.com\/es\/politica-de-privacidad\/","title":{"rendered":"Pol\u00edtica de privacidad"},"content":{"rendered":"<p>Estimado usuario,<br>Esta informaci\u00f3n se le facilita en cumplimiento del art\u00edculo 13 del Decreto Legislativo 196\/2003.<br>Los datos que nos facilite ser\u00e1n tratados con las siguientes finalidades: informativa, comercial, ejecuci\u00f3n del contrato\/mandato<\/p>\n\n\n\n<p>El tratamiento de sus datos se llevar\u00e1 a cabo en el pleno respeto de sus libertades fundamentales, sin menoscabo de su intimidad y dignidad, adoptando siempre principios basados en la correcci\u00f3n, licitud y transparencia y para fines que no excedan de las finalidades de la recogida.  Para el tratamiento de sus datos se utilizar\u00e1n instrumentos tanto electr\u00f3nicos como manuales, adoptando todas las medidas de seguridad adecuadas para garantizar la confidencialidad e integridad de los datos.<\/p>\n\n\n\n<p>Los datos tratados no ser\u00e1n comunicados a personas sin autorizaci\u00f3n concedida por el Responsable del tratamiento o el Encargado del tratamiento, salvo para la comunicaci\u00f3n o difusi\u00f3n de datos requeridos, de conformidad con la ley, por las fuerzas y cuerpos de seguridad, autoridades judiciales, organismos de informaci\u00f3n y seguridad u otras entidades p\u00fablicas para fines de defensa o seguridad del Estado, prevenci\u00f3n, detecci\u00f3n o represi\u00f3n de infracciones.<\/p>\n\n\n\n<p>El tratamiento tambi\u00e9n podr\u00e1 referirse al tipo de datos denominados \"sensibles\", es decir, datos que revelen el origen racial o \u00e9tnico, las convicciones religiosas, filos\u00f3ficas o de otro tipo, las opiniones pol\u00edticas, la pertenencia a partidos, sindicatos, asociaciones u organizaciones de car\u00e1cter religioso, filos\u00f3fico, pol\u00edtico o sindical, as\u00ed como datos personales que revelen la salud y la vida sexual. Dicho tratamiento s\u00f3lo podr\u00e1 autorizarse con su consentimiento por escrito.<\/p>\n\n\n\n<p>El suministro de datos es facultativo, pero la negativa a facilitarlos puede perjudicar la ejecuci\u00f3n parcial o total del contrato.<\/p>\n\n\n\n<p>Los datos que nos facilite ser\u00e1n tratados en nuestras instalaciones<\/p>\n\n\n\n<p>Lugar del tratamiento Encargado del tratamiento<\/p>\n\n\n\n<p>El responsable del tratamiento de datos es:&nbsp;<strong>ATHENA CONSULTING SRL<\/strong>&nbsp;- P.IVA e C.F. 16673151003 - VIA CRESCENZIO, 58 - 00193 ROMA (RM) - Tel.&nbsp;<a href=\"tel:066879674\">06.68.79.674<\/a>&nbsp;- Tel.&nbsp;<a href=\"tel:0669315843\">06.69.31.58.43<\/a>&nbsp;- Celda.&nbsp;<a href=\"tel:3289648688\">328.96.48.688&nbsp;<\/a>- Correo electr\u00f3nico&nbsp;<a href=\"mailto:studioroma@studiodagostini.com\">studioroma@studiodagostini.com<\/a>&nbsp;- PEC:&nbsp;<a href=\"mailto:studioroma@pec.studiodagostini.com\">studioroma@pec.studiodagostini.com<\/a><\/p>\n\n\n\n<p>El apartado 2 del art\u00edculo 7 del Decreto Legislativo 196\/2003 le otorga el derecho a solicitar una lista actualizada de las personas que pueden tener conocimiento de los datos tratados.<br>En calidad de Interesado, usted podr\u00e1 hacer valer en cualquier momento frente al Titular del tratamiento todos los derechos garantizados por el art\u00edculo 7 del Decreto Legislativo 196\/2003.<\/p>","protected":false},"excerpt":{"rendered":"<p>Gentile utente,la presente informativa Le viene consegnata in ottemperanza all\u2019art. 13 del Decreto Legislativo 196\/2003.I dati da Lei forniti verranno trattati per le seguenti finalit\u00e0:\u00a0 informative, commerciali, esecuzione del contratto\/mandato Il trattamento dei dati si svolger\u00e0 nel pieno rispetto delle libert\u00e0 fondamentali senza ledere la Sua riservatezza e la Sua dignit\u00e0, adottando sempre principi ispirati [&hellip;]<\/p>\n","protected":false},"author":1,"featured_media":0,"parent":0,"menu_order":0,"comment_status":"closed","ping_status":"open","template":"","meta":{"_acf_changed":false,"footnotes":""},"class_list":["post-3","page","type-page","status-publish","hentry"],"acf":[],"_links":{"self":[{"href":"https:\/\/studiodagostini.com\/es\/wp-json\/wp\/v2\/pages\/3","targetHints":{"allow":["GET"]}}],"collection":[{"href":"https:\/\/studiodagostini.com\/es\/wp-json\/wp\/v2\/pages"}],"about":[{"href":"https:\/\/studiodagostini.com\/es\/wp-json\/wp\/v2\/types\/page"}],"author":[{"embeddable":true,"href":"https:\/\/studiodagostini.com\/es\/wp-json\/wp\/v2\/users\/1"}],"replies":[{"embeddable":true,"href":"https:\/\/studiodagostini.com\/es\/wp-json\/wp\/v2\/comments?post=3"}],"version-history":[{"count":1,"href":"https:\/\/studiodagostini.com\/es\/wp-json\/wp\/v2\/pages\/3\/revisions"}],"predecessor-version":[{"id":64,"href":"https:\/\/studiodagostini.com\/es\/wp-json\/wp\/v2\/pages\/3\/revisions\/64"}],"wp:attachment":[{"href":"https:\/\/studiodagostini.com\/es\/wp-json\/wp\/v2\/media?parent=3"}],"curies":[{"name":"wp","href":"https:\/\/api.w.org\/{rel}","templated":true}]}}