{"id":65,"date":"2025-03-12T16:57:06","date_gmt":"2025-03-12T16:57:06","guid":{"rendered":"https:\/\/intelligent-shannon.217-28-65-195.plesk.page\/?page_id=65"},"modified":"2025-06-16T14:43:49","modified_gmt":"2025-06-16T12:43:49","slug":"cookies","status":"publish","type":"page","link":"https:\/\/studiodagostini.com\/de\/cookies\/","title":{"rendered":"COOKIES-POLITIK"},"content":{"rendered":"<p>Cookies: Allgemeines Bei Cookies handelt es sich um kleine Textdateien, die von Websites erzeugt werden und Daten aus der Browsersitzung des Nutzers speichern, um die Verfahren zum \"Laden\" des Inhalts der Website beim n\u00e4chsten Zugriff zu vereinfachen. Diese Dateien erm\u00f6glichen es der Website, Informationen \u00fcber die \"Navigation\" zwischen den Webseiten zu speichern und auch die Art und Weise zu analysieren, wie der \"Besucher\" mit der Website interagiert. Im Allgemeinen und unter normalen Bedingungen sind Cookies sicher - sie k\u00f6nnen nur die Informationen speichern, die vom Browser eingegeben werden, die mit dem Zugriff im Browser selbst zusammenh\u00e4ngen oder die in der angeforderten Seite enthalten sind; sie k\u00f6nnen sich nicht in b\u00f6sartige Codes verwandeln oder f\u00fcr einen missbr\u00e4uchlichen Zugriff auf den Computer oder ein anderes f\u00fcr die Navigation verwendetes Ger\u00e4t verwendet werden. Es gibt zwei verschiedene Kategorien von Cookies, die f\u00fcr unterschiedliche Zwecke verwendet werden und unterschiedliche Informationen enthalten sollen<\/p>\n\n\n\n<ul class=\"wp-block-list\">\n<li>Sitzungs-Cookies enthalten Informationen, die w\u00e4hrend Ihrer aktuellen Browsersitzung verwendet werden, und werden automatisch gel\u00f6scht, wenn Sie den Browser schlie\u00dfen. Dies bedeutet, dass nichts auf dem vom \"Besucher\" verwendeten Ger\u00e4t \u00fcber die Zeit der Nutzung der Website hinaus gespeichert wird.<\/li>\n\n\n\n<li>Der Zweck von persistenten Cookies (oder dauerhaften Cookies) besteht darin, die gespeicherten Daten im Speicher zu halten, um sie f\u00fcr verschiedene und nachfolgende Zugriffe auf die Website zu verwenden, damit die Website selbst den Kunden\/Besucher erkennen und die Interaktion mit dem Inhalt der Website vereinfachen kann. Die Dauer dieser Cookies ist je nach den Einstellungen der Website unterschiedlich und kann von einigen Minuten bis zu mehreren Jahren reichen. F\u00fcr weitere Einzelheiten konsultieren Sie bitte die entsprechende Dokumentation auf der Website der Garante per la Protezione dei Dati Personali\u00a0<a href=\"http:\/\/www.garanteprivacy.it\/\" target=\"_blank\" rel=\"noopener\"><\/a><a href=\"http:\/\/www.garanteprivacy.it\/\" target=\"_blank\" rel=\"noopener\">http:\/\/www.garanteprivacy.it<\/a><\/li>\n<\/ul>\n\n\n\n<p><strong>Cookies-Politik dieser Website<\/strong><\/p>\n\n\n\n<p>Es werden keine Cookies* f\u00fcr die \u00dcbermittlung personenbezogener Daten verwendet; ihre Verwendung (z. B. Sitzungscookies) ist streng auf die \u00dcbermittlung von Sitzungskennungen beschr\u00e4nkt, die f\u00fcr die sichere und effiziente Erkundung der Website erforderlich sind, um die Verwendung anderer invasiverer Computertechniken zu vermeiden, die die Vertraulichkeit des Surfens der Nutzer beeintr\u00e4chtigen k\u00f6nnten. Es werden auch dauerhafte Cookies verwendet, die auf der Festplatte des Computers gespeichert bleiben, bis sie ablaufen oder von den Nutzern\/Besuchern gel\u00f6scht werden, und zwar ausschlie\u00dflich zu dem Zweck, ein unmittelbares und einfacheres automatisches Erkennungsverfahren der Nutzer\/Besucher bei einem sp\u00e4teren Zugriff zu erm\u00f6glichen. Es bleibt den Nutzern\/Besuchern \u00fcberlassen, auf ihren Clients spezifische Cookie-Verwaltungsrichtlinien festzulegen. Unbeschadet der Einschr\u00e4nkungen, die solche Einstellungen in Bezug auf die Zug\u00e4nglichkeit der Website und \/ oder ihre spezifischen Inhalte zu erzeugen. Ver.Pol ist fremd f\u00fcr den Betrieb von \"Drittanbieter-Cookies\", deren Betrieb f\u00e4llt unter die Verantwortung dieser Dritten und deren \u00dcbertragung auf dem Client des Benutzers \/ Besucher h\u00e4ngt von der Anwesenheit von Inhalten (zB Karten, Links, etc..), die auf Internet-Ressourcen (Websites und \/ oder Server) au\u00dferhalb der Sph\u00e4re der Verwaltung und Verantwortung von Ver.Pol. Die Cookies von dieser Art verwendet werden, sind analytische und funktionale<\/p>\n\n\n\n<p><strong>Aktivieren\/Deaktivieren von Cookies auf dem verwendeten Browser<\/strong>&nbsp;Durch \u00c4ndern der Einstellungen Ihres Browsers k\u00f6nnen Sie Cookies akzeptieren oder ablehnen oder sich daf\u00fcr entscheiden, eine Warnmeldung zu erhalten, bevor Sie ein Cookie von den von Ihnen besuchten Websites akzeptieren. Es ist jedoch zu bedenken, dass die vollst\u00e4ndige Deaktivierung von Cookies in dem von Ihnen verwendeten Browser dazu f\u00fchren kann, dass Sie einige oder alle interaktiven Funktionen der Website nicht mehr nutzen k\u00f6nnen.<\/p>\n\n\n\n<p>* Cookies oder Marker sind Informationspakete, die von einem Webserver (z. B. der Website) an den Internetbrowser des Nutzers gesendet, von diesem automatisch auf dem Computer gespeichert und bei jedem Zugriff auf die Website automatisch an den Server zur\u00fcckgesendet werden.<\/p>\n\n\n\n<p>COOKIE-MANAGEMENT-RICHTLINIE<\/p>\n\n\n\n<p><strong>ATHENA CONSULTING SRL<\/strong>&nbsp;- Mehrwertsteuer und Abgabenordnung 16673151003<br>VIA CRESCENZIO, 58 - 00193 ROME (RM) - Tel.&nbsp;<a href=\"tel:066879674\">06.68.79.674<\/a>&nbsp;- Handy.&nbsp;<a href=\"tel:3289644688\">328.96.44.688<\/a><br>E-Mail&nbsp;<a href=\"mailto:studioroma@studiodagostini.com\"><\/a><a href=\"mailto:studioroma@studiodagostini.com\">studioroma@studiodagostini.com<\/a>&nbsp;- PEC:&nbsp;<a href=\"mailto:studioroma@pec.studiodagostini.com\"><\/a><a href=\"mailto:studioroma@pec.studiodagostini.com\">studioroma@pec.studiodagostini.com<\/a><\/p>\n\n\n\n<p>Wir m\u00f6chten Sie daran erinnern, dass Sie jederzeit alle im Cookie-Ordner des von Ihnen verwendeten Browsers installierten Cookies l\u00f6schen k\u00f6nnen. Jeder Browser verf\u00fcgt \u00fcber unterschiedliche Verfahren zur Verwaltung der Einstellungen f\u00fcr die Cookie-Verwaltung; spezifische Anweisungen f\u00fcr die autonome Cookie-Verwaltung auf Ihrem Ger\u00e4t erhalten Sie \u00fcber die nachstehenden Links.<\/p>\n\n\n\n<ul class=\"wp-block-list\">\n<li>Microsoft Windows Explorer\u00a0<a href=\"http:\/\/windows.microsoft.com\/en-us\/windows-vista\/block-or-allow-cookies\" target=\"_blank\" rel=\"noopener\"><\/a><a href=\"http:\/\/windows.microsoft.com\/en-us\/windows-vista\/block-or-allow-cookies\" target=\"_blank\" rel=\"noopener\">http:\/\/windows.microsoft.com\/en-us\/windows-vista\/block-or-allow-cookies<\/a><\/li>\n\n\n\n<li>Mozilla Firefox\u00a0<a href=\"http:\/\/support.mozilla.org\/en-US\/kb\/Enabling%20and%20disabling%20cookies\" target=\"_blank\" rel=\"noopener\"><\/a><a href=\"http:\/\/support.mozilla.org\/en-US\/kb\/Enabling%20and%20disabling%20cookies\" target=\"_blank\" rel=\"noopener\">http:\/\/support.mozilla.org\/en-US\/kb\/Enabling%20and%20disabling%20cookies<\/a><\/li>\n\n\n\n<li>Google Chrome\u00a0<a href=\"https:\/\/support.google.com\/chrome\/bin\/answer.py?hl=en&amp;answer=95647&amp;p=cpn_cookies\" target=\"_blank\" rel=\"noopener\"><\/a><a href=\"https:\/\/support.google.com\/chrome\/bin\/answer.py?hl=en&amp;answer=95647&amp;p=cpn_cookies\" target=\"_blank\" rel=\"noopener\">https:\/\/support.google.com\/chrome\/bin\/answer.py?hl=en&amp;answer=95647&amp;p=cpn_cookies<\/a>\u00a0Apple Safari\u00a0<a href=\"http:\/\/docs.info.apple.com\/article.html?path=Safari\/5.0\/en\/9277.html\" target=\"_blank\" rel=\"noopener\"><\/a><a href=\"http:\/\/docs.info.apple.com\/article.html?path=Safari\/5.0\/en\/9277.html\" target=\"_blank\" rel=\"noopener\">http:\/\/docs.info.apple.com\/article.html?path=Safari\/5.0\/en\/9277.html<\/a><\/li>\n\n\n\n<li>Adobe Flash Player\u00a0<a href=\"http:\/\/www.macromedia.com\/support\/documentation\/en\/flashplayer\/help\/settings_manager02.html#118539\" target=\"_blank\" rel=\"noopener\"><\/a><a href=\"http:\/\/www.macromedia.com\/support\/documentation\/en\/flashplayer\/help\/settings_manager02.html#118539\" target=\"_blank\" rel=\"noopener\">http:\/\/www.macromedia.com\/support\/documentation\/en\/flashplayer\/help\/settings_manager02.html#118539<\/a><\/li>\n<\/ul>\n\n\n\n<p>Nachstehend finden Sie Links zu den einschl\u00e4gigen Informationen\/Richtlinien der g\u00e4ngigsten Websites\/sozialen Medien:<\/p>\n\n\n\n<ul class=\"wp-block-list\">\n<li>YouTube\u00a0<a href=\"http:\/\/www.google.co.uk\/intl\/en\/policies\/privacy\/\" target=\"_blank\" rel=\"noopener\"><\/a><a href=\"http:\/\/www.google.co.uk\/intl\/en\/policies\/privacy\/\" target=\"_blank\" rel=\"noopener\">http:\/\/www.google.co.uk\/intl\/en\/policies\/privacy\/<\/a><\/li>\n\n\n\n<li>Google Maps\u00a0<a href=\"https:\/\/support.google.com\/maps\/answer\/153802?hl=en&amp;rd=1\" target=\"_blank\" rel=\"noopener\"><\/a><a href=\"https:\/\/support.google.com\/maps\/answer\/153802?hl=en&amp;rd=1\" target=\"_blank\" rel=\"noopener\">https:\/\/support.google.com\/maps\/answer\/153802?hl=en&amp;rd=1<\/a><\/li>\n\n\n\n<li>Facebook Connect und Facebook-Plugins\u00a0<a href=\"https:\/\/www.facebook.com\/about\/privacy\/your-info-on-other\" target=\"_blank\" rel=\"noopener\"><\/a><a href=\"https:\/\/www.facebook.com\/about\/privacy\/your-info-on-other\" target=\"_blank\" rel=\"noopener\">https:\/\/www.facebook.com\/about\/privacy\/your-info-on-other<\/a><\/li>\n\n\n\n<li>Linkedin\u00a0<a href=\"http:\/\/www.linkedin.com\/legal\/privacy-policy\" target=\"_blank\" rel=\"noopener\"><\/a><a href=\"http:\/\/www.linkedin.com\/legal\/privacy-policy\" target=\"_blank\" rel=\"noopener\">http:\/\/www.linkedin.com\/legal\/privacy-policy<\/a><\/li>\n\n\n\n<li>Google Analytics\u00a0<a href=\"https:\/\/developers.google.com\/analytics\/devguides\/collection\/analyticsjs\/cookie-usage\" target=\"_blank\" rel=\"noopener\"><\/a><a href=\"https:\/\/developers.google.com\/analytics\/devguides\/collection\/analyticsjs\/cookie-usage\" target=\"_blank\" rel=\"noopener\">https:\/\/developers.google.com\/analytics\/devguides\/collection\/analyticsjs\/cookie-usage<\/a><\/li>\n\n\n\n<li>Twitter\u00a0<a href=\"https:\/\/twitter.com\/privacy\" target=\"_blank\" rel=\"noopener\"><\/a><a href=\"https:\/\/twitter.com\/privacy\" target=\"_blank\" rel=\"noopener\">https:\/\/twitter.com\/privacy<\/a><\/li>\n\n\n\n<li>Microsoft\u00a0<a href=\"http:\/\/www.microsoft.com\/privacystatement\/en-us\/core\/default.aspx\" target=\"_blank\" rel=\"noopener\"><\/a><a href=\"http:\/\/www.microsoft.com\/privacystatement\/en-us\/core\/default.aspx\" target=\"_blank\" rel=\"noopener\">http:\/\/www.microsoft.com\/privacystatement\/en-us\/core\/default.aspx<\/a><\/li>\n\n\n\n<li>Oracle\u00a0<a href=\"http:\/\/www.oracle.com\/us\/legal\/privacy\/overview\/index.html\" target=\"_blank\" rel=\"noopener\"><\/a><a href=\"http:\/\/www.oracle.com\/us\/legal\/privacy\/overview\/index.html\" target=\"_blank\" rel=\"noopener\">http:\/\/www.oracle.com\/us\/legal\/privacy\/overview\/index.html<\/a><\/li>\n\n\n\n<li>Vimeo\u00a0<a href=\"http:\/\/vimeo.com\/cookie_policy\" target=\"_blank\" rel=\"noopener\"><\/a><a href=\"http:\/\/vimeo.com\/cookie_policy\" target=\"_blank\" rel=\"noopener\">http:\/\/vimeo.com\/cookie_policy<\/a><\/li>\n<\/ul>","protected":false},"excerpt":{"rendered":"<p>Cookies: generalit\u00e0 I cookies sono piccoli file di testo generati dai siti web che mantengono i dati della sessione di navigazione dell\u2019utente al fine di semplificare le procedure di \u201ccaricamento\u201d dei contenuti del sito ad un eventuale successivo nuovo accesso. Tali file permettono al sito di mantenere le informazioni della \u201cnavigazione\u201d tra le pagine web [&hellip;]<\/p>\n","protected":false},"author":1,"featured_media":0,"parent":0,"menu_order":0,"comment_status":"closed","ping_status":"closed","template":"","meta":{"_acf_changed":false,"footnotes":""},"class_list":["post-65","page","type-page","status-publish","hentry"],"acf":[],"_links":{"self":[{"href":"https:\/\/studiodagostini.com\/de\/wp-json\/wp\/v2\/pages\/65","targetHints":{"allow":["GET"]}}],"collection":[{"href":"https:\/\/studiodagostini.com\/de\/wp-json\/wp\/v2\/pages"}],"about":[{"href":"https:\/\/studiodagostini.com\/de\/wp-json\/wp\/v2\/types\/page"}],"author":[{"embeddable":true,"href":"https:\/\/studiodagostini.com\/de\/wp-json\/wp\/v2\/users\/1"}],"replies":[{"embeddable":true,"href":"https:\/\/studiodagostini.com\/de\/wp-json\/wp\/v2\/comments?post=65"}],"version-history":[{"count":2,"href":"https:\/\/studiodagostini.com\/de\/wp-json\/wp\/v2\/pages\/65\/revisions"}],"predecessor-version":[{"id":1124,"href":"https:\/\/studiodagostini.com\/de\/wp-json\/wp\/v2\/pages\/65\/revisions\/1124"}],"wp:attachment":[{"href":"https:\/\/studiodagostini.com\/de\/wp-json\/wp\/v2\/media?parent=65"}],"curies":[{"name":"wp","href":"https:\/\/api.w.org\/{rel}","templated":true}]}}