{"id":3,"date":"2025-03-06T09:37:45","date_gmt":"2025-03-06T09:37:45","guid":{"rendered":"https:\/\/intelligent-shannon.217-28-65-195.plesk.page\/?page_id=3"},"modified":"2025-03-12T16:55:50","modified_gmt":"2025-03-12T16:55:50","slug":"datenschutzbestimmungen","status":"publish","type":"page","link":"https:\/\/studiodagostini.com\/de\/datenschutzbestimmungen\/","title":{"rendered":"Datenschutzbestimmungen"},"content":{"rendered":"<p>Lieber Benutzer,<br>Diese Informationen werden Ihnen in \u00dcbereinstimmung mit Artikel 13 des Gesetzesdekrets 196\/2003 gegeben.<br>Die von Ihnen zur Verf\u00fcgung gestellten Daten werden zu folgenden Zwecken verarbeitet: Information, Werbung, Vertragserf\u00fcllung\/Auftragserf\u00fcllung<\/p>\n\n\n\n<p>Die Verarbeitung Ihrer Daten erfolgt unter uneingeschr\u00e4nkter Wahrung Ihrer Grundfreiheiten, ohne Beeintr\u00e4chtigung Ihrer Privatsph\u00e4re und Ihrer W\u00fcrde, stets nach den Grunds\u00e4tzen der Korrektheit, Rechtm\u00e4\u00dfigkeit und Transparenz und f\u00fcr Zwecke, die nicht \u00fcber den Zweck der Erhebung hinausgehen.  F\u00fcr die Verarbeitung Ihrer Daten werden sowohl elektronische als auch manuelle Instrumente verwendet, wobei alle geeigneten Sicherheitsma\u00dfnahmen ergriffen werden, um die Vertraulichkeit und Integrit\u00e4t der Daten zu gew\u00e4hrleisten.<\/p>\n\n\n\n<p>Die verarbeiteten Daten werden nicht an Personen weitergegeben, die nicht \u00fcber eine Genehmigung des f\u00fcr die Verarbeitung Verantwortlichen oder des Datenverarbeiters verf\u00fcgen, mit Ausnahme der Weitergabe oder Verbreitung von Daten, die gem\u00e4\u00df den gesetzlichen Bestimmungen von Polizei-, Justiz-, Informations- und Sicherheitsorganen oder anderen \u00f6ffentlichen Einrichtungen zum Zwecke der Verteidigung oder der Sicherheit des Staates, der Verh\u00fctung, Aufdeckung oder Verfolgung von Straftaten verlangt werden.<\/p>\n\n\n\n<p>Die Verarbeitung kann auch so genannte \"sensible\" Daten betreffen, d. h. Daten, aus denen die rassische oder ethnische Herkunft, religi\u00f6se, philosophische oder sonstige \u00dcberzeugungen, politische Meinungen, die Zugeh\u00f6rigkeit zu Parteien, Gewerkschaften, Verb\u00e4nden oder Organisationen mit religi\u00f6sem, philosophischem, politischem oder gewerkschaftlichem Charakter hervorgehen, sowie personenbezogene Daten \u00fcber Gesundheit und Sexualleben. Eine solche Verarbeitung kann nur mit Ihrer schriftlichen Zustimmung genehmigt werden.<\/p>\n\n\n\n<p>Die \u00dcbermittlung der Daten ist fakultativ, doch kann die Verweigerung der Daten\u00fcbermittlung die teilweise oder vollst\u00e4ndige Erf\u00fcllung des Vertrags gef\u00e4hrden.<\/p>\n\n\n\n<p>Die von Ihnen zur Verf\u00fcgung gestellten Daten werden in unseren R\u00e4umlichkeiten verarbeitet<\/p>\n\n\n\n<p>Ort der Verarbeitung Datenverarbeiter<\/p>\n\n\n\n<p>Der Inhaber der Datenverarbeitung ist:&nbsp;<strong>ATHENA CONSULTING SRL<\/strong>&nbsp;- P.IVA e C.F. 16673151003 - VIA CRESCENZIO, 58 - 00193 ROMA (RM) - Tel.&nbsp;<a href=\"tel:066879674\">06.68.79.674<\/a>&nbsp;- Tel.&nbsp;<a href=\"tel:0669315843\">06.69.31.58.43<\/a>&nbsp;- Handy.&nbsp;<a href=\"tel:3289648688\">328.96.48.688&nbsp;<\/a>- E-Mail&nbsp;<a href=\"mailto:studioroma@studiodagostini.com\">studioroma@studiodagostini.com<\/a>&nbsp;- PEC:&nbsp;<a href=\"mailto:studioroma@pec.studiodagostini.com\">studioroma@pec.studiodagostini.com<\/a><\/p>\n\n\n\n<p>Gem\u00e4\u00df Artikel 7 Absatz 2 des Gesetzesdekrets 196\/2003 haben Sie das Recht, eine aktualisierte Liste der Personen anzufordern, die von den verarbeiteten Daten Kenntnis erhalten k\u00f6nnen.<br>Als betroffene Person k\u00f6nnen Sie jederzeit alle Rechte gem\u00e4\u00df Artikel 7 des Gesetzesdekrets 196\/2003 gegen\u00fcber dem f\u00fcr die Datenverarbeitung Verantwortlichen geltend machen.<\/p>","protected":false},"excerpt":{"rendered":"<p>Gentile utente,la presente informativa Le viene consegnata in ottemperanza all\u2019art. 13 del Decreto Legislativo 196\/2003.I dati da Lei forniti verranno trattati per le seguenti finalit\u00e0:\u00a0 informative, commerciali, esecuzione del contratto\/mandato Il trattamento dei dati si svolger\u00e0 nel pieno rispetto delle libert\u00e0 fondamentali senza ledere la Sua riservatezza e la Sua dignit\u00e0, adottando sempre principi ispirati [&hellip;]<\/p>\n","protected":false},"author":1,"featured_media":0,"parent":0,"menu_order":0,"comment_status":"closed","ping_status":"open","template":"","meta":{"_acf_changed":false,"footnotes":""},"class_list":["post-3","page","type-page","status-publish","hentry"],"acf":[],"_links":{"self":[{"href":"https:\/\/studiodagostini.com\/de\/wp-json\/wp\/v2\/pages\/3","targetHints":{"allow":["GET"]}}],"collection":[{"href":"https:\/\/studiodagostini.com\/de\/wp-json\/wp\/v2\/pages"}],"about":[{"href":"https:\/\/studiodagostini.com\/de\/wp-json\/wp\/v2\/types\/page"}],"author":[{"embeddable":true,"href":"https:\/\/studiodagostini.com\/de\/wp-json\/wp\/v2\/users\/1"}],"replies":[{"embeddable":true,"href":"https:\/\/studiodagostini.com\/de\/wp-json\/wp\/v2\/comments?post=3"}],"version-history":[{"count":1,"href":"https:\/\/studiodagostini.com\/de\/wp-json\/wp\/v2\/pages\/3\/revisions"}],"predecessor-version":[{"id":64,"href":"https:\/\/studiodagostini.com\/de\/wp-json\/wp\/v2\/pages\/3\/revisions\/64"}],"wp:attachment":[{"href":"https:\/\/studiodagostini.com\/de\/wp-json\/wp\/v2\/media?parent=3"}],"curies":[{"name":"wp","href":"https:\/\/api.w.org\/{rel}","templated":true}]}}